{"id":2,"date":"2016-05-10T03:48:21","date_gmt":"2016-05-10T03:48:21","guid":{"rendered":"http:\/\/reparacionesdecalidad.es\/?page_id=2"},"modified":"2025-06-06T17:17:52","modified_gmt":"2025-06-06T17:17:52","slug":"sample-page","status":"publish","type":"page","link":"http:\/\/reparacionesdecalidad.es\/","title":{"rendered":"Reparaciones Aire Acondicionado Badajoz"},"content":{"rendered":"<p>Somos un grupo de personas con mucha experiencia en reparaciones de todo tipo de aparatos. Nos juntamos para dar lo mejor de nosotros &#8230;<\/p>\n<p>Un servicio inmediato, eficaz y econ\u00f3mico son las bases de las que partimos y con las que trabajamos, siendo nuestro af\u00e1n de cada d\u00eda el conseguir mejorar nuestra asistencia t\u00e9cnica ofrecida. Cualquier frigor\u00edfico, cualquier marca, si se ha estropeado, no dude en llamarnos, quedar\u00e1 totalmente satisfecho. Le aseguramos que tenemos los precios m\u00e1s bajos de reparaci\u00f3n.<\/p>\n<ul>\n<li><span>Rapidez. Atenci\u00f3n de forma inmediata.<\/span><\/li>\n<li><span>Garant\u00eda<\/span><\/li>\n<li><span>Profesionalidad.<\/span><\/li>\n<li><span>Precios ajustados.<\/span><\/li>\n<\/ul>\n<p><span>Despu\u00e9s de tantos a\u00f1os\u00a0 en la reparaci\u00f3n les podemos garantizar la mayor rapidez en la reparaci\u00f3n de su equipo, al disponer de repuestos originales de forma inmediata.Pr\u00e1cticamente\u00a0<strong>reparamos todas las marcas del mercado<\/strong>, incluso las que han desaparecido recientemente.<\/span><\/p>\n","protected":false},"excerpt":{"rendered":"<p>Somos un grupo de personas con mucha experiencia en reparaciones de todo tipo de aparatos. Nos juntamos para dar lo mejor de nosotros &#8230; Un servicio inmediato, eficaz y econ\u00f3mico son las bases de las que partimos y con las que trabajamos, siendo nuestro af\u00e1n de cada d\u00eda el conseguir [&hellip;]<\/p>\n","protected":false},"author":1,"featured_media":36,"parent":0,"menu_order":0,"comment_status":"closed","ping_status":"open","template":"","meta":{"footnotes":""},"class_list":["post-2","page","type-page","status-publish","has-post-thumbnail","hentry"],"yoast_head":"<!-- This site is optimized with the Yoast SEO plugin v27.5 - https:\/\/yoast.com\/product\/yoast-seo-wordpress\/ -->\n<title>Reparaciones Aire Acondicionado Badajoz &#8212; Reparaciones de Calidad<\/title>\n<meta name=\"robots\" content=\"index, follow, max-snippet:-1, max-image-preview:large, max-video-preview:-1\" \/>\n<link rel=\"canonical\" href=\"https:\/\/reparacionesdecalidad.es\/\" \/>\n<meta property=\"og:locale\" content=\"es_ES\" \/>\n<meta property=\"og:type\" content=\"article\" \/>\n<meta property=\"og:title\" content=\"Reparaciones Aire Acondicionado Badajoz &#8212; Reparaciones de Calidad\" \/>\n<meta property=\"og:description\" content=\"Somos un grupo de personas con mucha experiencia en reparaciones de todo tipo de aparatos. Nos juntamos para dar lo mejor de nosotros &#8230; Un servicio inmediato, eficaz y econ\u00f3mico son las bases de las que partimos y con las que trabajamos, siendo nuestro af\u00e1n de cada d\u00eda el conseguir [&hellip;]\" \/>\n<meta property=\"og:url\" content=\"https:\/\/reparacionesdecalidad.es\/\" \/>\n<meta property=\"og:site_name\" content=\"Reparaciones de Calidad\" \/>\n<meta property=\"article:modified_time\" content=\"2025-06-06T17:17:52+00:00\" \/>\n<meta property=\"og:image\" content=\"https:\/\/reparacionesdecalidad.es\/wp-content\/uploads\/2018\/06\/screws-214160.jpg\" \/>\n\t<meta property=\"og:image:width\" content=\"1920\" \/>\n\t<meta property=\"og:image:height\" content=\"1440\" \/>\n\t<meta property=\"og:image:type\" content=\"image\/jpeg\" \/>\n<meta name=\"twitter:card\" content=\"summary_large_image\" \/>\n<meta name=\"twitter:label1\" content=\"Tiempo de lectura\" \/>\n\t<meta name=\"twitter:data1\" content=\"1 minuto\" \/>\n<script type=\"application\/ld+json\" class=\"yoast-schema-graph\">{\"@context\":\"https:\\\/\\\/schema.org\",\"@graph\":[{\"@type\":\"WebPage\",\"@id\":\"https:\\\/\\\/reparacionesdecalidad.es\\\/\",\"url\":\"https:\\\/\\\/reparacionesdecalidad.es\\\/\",\"name\":\"Reparaciones Aire Acondicionado Badajoz &#8212; Reparaciones de Calidad\",\"isPartOf\":{\"@id\":\"https:\\\/\\\/reparacionesdecalidad.es\\\/#website\"},\"primaryImageOfPage\":{\"@id\":\"https:\\\/\\\/reparacionesdecalidad.es\\\/#primaryimage\"},\"image\":{\"@id\":\"https:\\\/\\\/reparacionesdecalidad.es\\\/#primaryimage\"},\"thumbnailUrl\":\"http:\\\/\\\/reparacionesdecalidad.es\\\/wp-content\\\/uploads\\\/2018\\\/06\\\/screws-214160.jpg\",\"datePublished\":\"2016-05-10T03:48:21+00:00\",\"dateModified\":\"2025-06-06T17:17:52+00:00\",\"breadcrumb\":{\"@id\":\"https:\\\/\\\/reparacionesdecalidad.es\\\/#breadcrumb\"},\"inLanguage\":\"es\",\"potentialAction\":[{\"@type\":\"ReadAction\",\"target\":[\"https:\\\/\\\/reparacionesdecalidad.es\\\/\"]}]},{\"@type\":\"ImageObject\",\"inLanguage\":\"es\",\"@id\":\"https:\\\/\\\/reparacionesdecalidad.es\\\/#primaryimage\",\"url\":\"http:\\\/\\\/reparacionesdecalidad.es\\\/wp-content\\\/uploads\\\/2018\\\/06\\\/screws-214160.jpg\",\"contentUrl\":\"http:\\\/\\\/reparacionesdecalidad.es\\\/wp-content\\\/uploads\\\/2018\\\/06\\\/screws-214160.jpg\",\"width\":1920,\"height\":1440},{\"@type\":\"BreadcrumbList\",\"@id\":\"https:\\\/\\\/reparacionesdecalidad.es\\\/#breadcrumb\",\"itemListElement\":[{\"@type\":\"ListItem\",\"position\":1,\"name\":\"Portada\",\"item\":\"https:\\\/\\\/reparacionesdecalidad.es\\\/\"},{\"@type\":\"ListItem\",\"position\":2,\"name\":\"Reparaciones Aire Acondicionado Badajoz\"}]},{\"@type\":\"WebSite\",\"@id\":\"https:\\\/\\\/reparacionesdecalidad.es\\\/#website\",\"url\":\"https:\\\/\\\/reparacionesdecalidad.es\\\/\",\"name\":\"Reparaciones de Calidad\",\"description\":\"Reparamos TODO\",\"publisher\":{\"@id\":\"https:\\\/\\\/reparacionesdecalidad.es\\\/#organization\"},\"potentialAction\":[{\"@type\":\"SearchAction\",\"target\":{\"@type\":\"EntryPoint\",\"urlTemplate\":\"https:\\\/\\\/reparacionesdecalidad.es\\\/?s={search_term_string}\"},\"query-input\":{\"@type\":\"PropertyValueSpecification\",\"valueRequired\":true,\"valueName\":\"search_term_string\"}}],\"inLanguage\":\"es\"},{\"@type\":\"Organization\",\"@id\":\"https:\\\/\\\/reparacionesdecalidad.es\\\/#organization\",\"name\":\"Grupo Soluciones\",\"url\":\"https:\\\/\\\/reparacionesdecalidad.es\\\/\",\"logo\":{\"@type\":\"ImageObject\",\"inLanguage\":\"es\",\"@id\":\"https:\\\/\\\/reparacionesdecalidad.es\\\/#\\\/schema\\\/logo\\\/image\\\/\",\"url\":\"https:\\\/\\\/reparacionesdecalidad.es\\\/wp-content\\\/uploads\\\/2018\\\/06\\\/BOTON-CUADRADO-EMPRESAS.gif\",\"contentUrl\":\"https:\\\/\\\/reparacionesdecalidad.es\\\/wp-content\\\/uploads\\\/2018\\\/06\\\/BOTON-CUADRADO-EMPRESAS.gif\",\"width\":2084,\"height\":2084,\"caption\":\"Grupo Soluciones\"},\"image\":{\"@id\":\"https:\\\/\\\/reparacionesdecalidad.es\\\/#\\\/schema\\\/logo\\\/image\\\/\"}}]}<\/script>\n<!-- \/ Yoast SEO plugin. -->","yoast_head_json":{"title":"Reparaciones Aire Acondicionado Badajoz &#8212; Reparaciones de Calidad","robots":{"index":"index","follow":"follow","max-snippet":"max-snippet:-1","max-image-preview":"max-image-preview:large","max-video-preview":"max-video-preview:-1"},"canonical":"https:\/\/reparacionesdecalidad.es\/","og_locale":"es_ES","og_type":"article","og_title":"Reparaciones Aire Acondicionado Badajoz &#8212; Reparaciones de Calidad","og_description":"Somos un grupo de personas con mucha experiencia en reparaciones de todo tipo de aparatos. Nos juntamos para dar lo mejor de nosotros &#8230; Un servicio inmediato, eficaz y econ\u00f3mico son las bases de las que partimos y con las que trabajamos, siendo nuestro af\u00e1n de cada d\u00eda el conseguir [&hellip;]","og_url":"https:\/\/reparacionesdecalidad.es\/","og_site_name":"Reparaciones de Calidad","article_modified_time":"2025-06-06T17:17:52+00:00","og_image":[{"width":1920,"height":1440,"url":"https:\/\/reparacionesdecalidad.es\/wp-content\/uploads\/2018\/06\/screws-214160.jpg","type":"image\/jpeg"}],"twitter_card":"summary_large_image","twitter_misc":{"Tiempo de lectura":"1 minuto"},"schema":{"@context":"https:\/\/schema.org","@graph":[{"@type":"WebPage","@id":"https:\/\/reparacionesdecalidad.es\/","url":"https:\/\/reparacionesdecalidad.es\/","name":"Reparaciones Aire Acondicionado Badajoz &#8212; Reparaciones de Calidad","isPartOf":{"@id":"https:\/\/reparacionesdecalidad.es\/#website"},"primaryImageOfPage":{"@id":"https:\/\/reparacionesdecalidad.es\/#primaryimage"},"image":{"@id":"https:\/\/reparacionesdecalidad.es\/#primaryimage"},"thumbnailUrl":"http:\/\/reparacionesdecalidad.es\/wp-content\/uploads\/2018\/06\/screws-214160.jpg","datePublished":"2016-05-10T03:48:21+00:00","dateModified":"2025-06-06T17:17:52+00:00","breadcrumb":{"@id":"https:\/\/reparacionesdecalidad.es\/#breadcrumb"},"inLanguage":"es","potentialAction":[{"@type":"ReadAction","target":["https:\/\/reparacionesdecalidad.es\/"]}]},{"@type":"ImageObject","inLanguage":"es","@id":"https:\/\/reparacionesdecalidad.es\/#primaryimage","url":"http:\/\/reparacionesdecalidad.es\/wp-content\/uploads\/2018\/06\/screws-214160.jpg","contentUrl":"http:\/\/reparacionesdecalidad.es\/wp-content\/uploads\/2018\/06\/screws-214160.jpg","width":1920,"height":1440},{"@type":"BreadcrumbList","@id":"https:\/\/reparacionesdecalidad.es\/#breadcrumb","itemListElement":[{"@type":"ListItem","position":1,"name":"Portada","item":"https:\/\/reparacionesdecalidad.es\/"},{"@type":"ListItem","position":2,"name":"Reparaciones Aire Acondicionado Badajoz"}]},{"@type":"WebSite","@id":"https:\/\/reparacionesdecalidad.es\/#website","url":"https:\/\/reparacionesdecalidad.es\/","name":"Reparaciones de Calidad","description":"Reparamos TODO","publisher":{"@id":"https:\/\/reparacionesdecalidad.es\/#organization"},"potentialAction":[{"@type":"SearchAction","target":{"@type":"EntryPoint","urlTemplate":"https:\/\/reparacionesdecalidad.es\/?s={search_term_string}"},"query-input":{"@type":"PropertyValueSpecification","valueRequired":true,"valueName":"search_term_string"}}],"inLanguage":"es"},{"@type":"Organization","@id":"https:\/\/reparacionesdecalidad.es\/#organization","name":"Grupo Soluciones","url":"https:\/\/reparacionesdecalidad.es\/","logo":{"@type":"ImageObject","inLanguage":"es","@id":"https:\/\/reparacionesdecalidad.es\/#\/schema\/logo\/image\/","url":"https:\/\/reparacionesdecalidad.es\/wp-content\/uploads\/2018\/06\/BOTON-CUADRADO-EMPRESAS.gif","contentUrl":"https:\/\/reparacionesdecalidad.es\/wp-content\/uploads\/2018\/06\/BOTON-CUADRADO-EMPRESAS.gif","width":2084,"height":2084,"caption":"Grupo Soluciones"},"image":{"@id":"https:\/\/reparacionesdecalidad.es\/#\/schema\/logo\/image\/"}}]}},"_links":{"self":[{"href":"http:\/\/reparacionesdecalidad.es\/index.php?rest_route=\/wp\/v2\/pages\/2","targetHints":{"allow":["GET"]}}],"collection":[{"href":"http:\/\/reparacionesdecalidad.es\/index.php?rest_route=\/wp\/v2\/pages"}],"about":[{"href":"http:\/\/reparacionesdecalidad.es\/index.php?rest_route=\/wp\/v2\/types\/page"}],"author":[{"embeddable":true,"href":"http:\/\/reparacionesdecalidad.es\/index.php?rest_route=\/wp\/v2\/users\/1"}],"replies":[{"embeddable":true,"href":"http:\/\/reparacionesdecalidad.es\/index.php?rest_route=%2Fwp%2Fv2%2Fcomments&post=2"}],"version-history":[{"count":4,"href":"http:\/\/reparacionesdecalidad.es\/index.php?rest_route=\/wp\/v2\/pages\/2\/revisions"}],"predecessor-version":[{"id":334,"href":"http:\/\/reparacionesdecalidad.es\/index.php?rest_route=\/wp\/v2\/pages\/2\/revisions\/334"}],"wp:featuredmedia":[{"embeddable":true,"href":"http:\/\/reparacionesdecalidad.es\/index.php?rest_route=\/wp\/v2\/media\/36"}],"wp:attachment":[{"href":"http:\/\/reparacionesdecalidad.es\/index.php?rest_route=%2Fwp%2Fv2%2Fmedia&parent=2"}],"curies":[{"name":"wp","href":"https:\/\/api.w.org\/{rel}","templated":true}]}}